{"id":398,"date":"2025-09-11T14:55:47","date_gmt":"2025-09-11T14:55:47","guid":{"rendered":"https:\/\/m-accounting.net\/politika-e-privatesise-dhe-cookie\/"},"modified":"2025-09-12T09:55:56","modified_gmt":"2025-09-12T09:55:56","slug":"politika-e-privatesise-dhe-cookie","status":"publish","type":"page","link":"https:\/\/m-accounting.net\/sq\/politika-e-privatesise-dhe-cookie\/","title":{"rendered":"Politika e Privat\u00ebsis\u00eb dhe Cookie"},"content":{"rendered":"\t\t<div data-elementor-type=\"wp-page\" data-elementor-id=\"398\" class=\"elementor elementor-398 elementor-3\" data-elementor-post-type=\"page\">\n\t\t\t\t<div class=\"elementor-element elementor-element-9a13368 e-con-full e-flex e-con e-parent\" data-id=\"9a13368\" data-element_type=\"container\" data-e-type=\"container\" data-settings=\"{&quot;background_background&quot;:&quot;gradient&quot;}\">\n\t\t<div class=\"elementor-element elementor-element-ba0aabe e-con-full e-flex e-con e-child\" data-id=\"ba0aabe\" data-element_type=\"container\" data-e-type=\"container\" data-settings=\"{&quot;background_background&quot;:&quot;classic&quot;}\">\n\t\t\t\t<div class=\"elementor-element elementor-element-477eb4c elementor-widget elementor-widget-heading\" data-id=\"477eb4c\" data-element_type=\"widget\" data-e-type=\"widget\" data-widget_type=\"heading.default\">\n\t\t\t\t\t<h1 class=\"elementor-heading-title elementor-size-default\">Politika e Privat\u00ebsis\u00eb dhe Cookie<\/h1>\t\t\t\t<\/div>\n\t\t\t\t<\/div>\n\t\t<div class=\"elementor-element elementor-element-b3f5869 e-con-full e-flex elementor-invisible e-con e-child\" data-id=\"b3f5869\" data-element_type=\"container\" data-e-type=\"container\" data-settings=\"{&quot;background_background&quot;:&quot;gradient&quot;,&quot;animation&quot;:&quot;fadeInRight&quot;}\">\n\t\t\t\t<div class=\"elementor-element elementor-element-9dd428d elementor-widget elementor-widget-heading\" data-id=\"9dd428d\" data-element_type=\"widget\" data-e-type=\"widget\" data-widget_type=\"heading.default\">\n\t\t\t\t\t<h3 class=\"elementor-heading-title elementor-size-default\">M Accounting DOO<\/h3>\t\t\t\t<\/div>\n\t\t\t\t<\/div>\n\t\t\t\t<\/div>\n\t\t<div class=\"elementor-element elementor-element-ba8d243 e-flex e-con-boxed e-con e-parent\" data-id=\"ba8d243\" data-element_type=\"container\" data-e-type=\"container\">\n\t\t\t\t\t<div class=\"e-con-inner\">\n\t\t\t\t<div class=\"elementor-element elementor-element-7e25106 elementor-widget elementor-widget-text-editor\" data-id=\"7e25106\" data-element_type=\"widget\" data-e-type=\"widget\" data-widget_type=\"text-editor.default\">\n\t\t\t\t\t\t\t\t\t<p><strong>M Accounting DOO<\/strong> (\u201cne,\u201d \u201cyn\u00eb\u201d ose \u201cna\u201d) respekton privat\u00ebsin\u00eb tuaj. Kjo politik\u00eb shpjegon se si mbledhim, p\u00ebrdorim dhe mbrojm\u00eb informacionin tuaj kur vizitoni faqen ton\u00eb t\u00eb internetit. <\/p>\n<h4>1. Informacioni q\u00eb Mbledhim<br><\/h4>\n<ul>\n<li>Informacion personal q\u00eb jepni (emri, email, numri i telefonit).<br><br><\/li>\n<li>T\u00eb dh\u00ebna teknike (adresa IP, lloji i shfletuesit, informacioni i pajisjes).<br><br><\/li>\n<li>Cookie dhe teknologji t\u00eb ngjashme p\u00ebr funksionalitetin e faqes dhe analiz\u00eb.<\/li>\n<\/ul>\n<h4>2. Si e P\u00ebrdorim Informacionin Tuaj<\/h4>\n<ul>\n<li>P\u00ebr t\u2019iu p\u00ebrgjigjur pyetjeve dhe p\u00ebr t\u00eb ofruar sh\u00ebrbime.<\/li>\n<li>P\u00ebr t\u00eb p\u00ebrmir\u00ebsuar faqen dhe p\u00ebrvoj\u00ebn e p\u00ebrdoruesit.<\/li>\n<li>P\u00ebr p\u00ebrputhje me ligjet dhe rregulloret.<\/li>\n<\/ul>\n<h4>3. Cookies<\/h4>\n<p>Faqja jon\u00eb p\u00ebrdor cookie p\u00ebr t\u00eb:<\/p>\n<ul>\n<li>P\u00ebrmir\u00ebsuar funksionalitetin e faqes.<\/li>\n<li>Analizuar trafikun e faqes.<\/li>\n<li>Mbajtur preferencat e p\u00ebrdoruesve.<\/li>\n<\/ul>\n<p>Ju mund t\u00eb \u00e7aktivizoni cookie n\u00eb shfletuesin tuaj, por disa funksione mund t\u00eb mos punojn\u00eb si duhet.<\/p>\n<h4>4. Mbrojtja e t\u00eb Dh\u00ebnave<\/h4>\n<p>Ne zbatojm\u00eb masa teknike dhe organizative p\u00ebr t\u00eb mbrojtur informacionin tuaj personal nga qasje t\u00eb paautorizuar, humbje ose keqp\u00ebrdorim.<\/p>\n<h4>5. Ndarja me Pal\u00eb t\u00eb Treta<\/h4>\n<p>Ne nuk shesim informacionin tuaj personal. Mund t\u00eb ndajm\u00eb t\u00eb dh\u00ebna me ofruesit e sh\u00ebrbimeve q\u00eb na ndihmojn\u00eb n\u00eb funksionimin e faqes dhe analiz\u00eb. <\/p>\n<h4>6. T\u00eb Drejtat Tuaja<\/h4>\n<ul>\n<li>Keni qasje dhe korrigjoni t\u00eb dh\u00ebnat tuaja personale.<\/li>\n<li>K\u00ebrkoni fshirjen e t\u00eb dh\u00ebnave.<\/li>\n<li>T\u00ebrhiqni miratimin p\u00ebr p\u00ebrpunimin e t\u00eb dh\u00ebnave.<\/li>\n<\/ul>\n<p>P\u00ebr pyetje n\u00eb lidhje me k\u00ebt\u00eb politik\u00eb, kontaktoni ne n\u00eb:<br><strong>M Accounting DOO<\/strong><br>52, Rruga 19-t\u00eb e N\u00ebntorit, Tetov\u00eb, Maqedonia e Veriut<br>Tel: +389 70 657 051<br>Email: info@m-accounting.net<\/p>\t\t\t\t\t\t\t\t<\/div>\n\t\t\t\t\t<\/div>\n\t\t\t\t<\/div>\n\t\t\t\t<\/div>\n\t\t","protected":false},"excerpt":{"rendered":"<p>Politika e Privat\u00ebsis\u00eb dhe Cookie M Accounting DOO M Accounting DOO (\u201cne,\u201d \u201cyn\u00eb\u201d ose \u201cna\u201d) respekton privat\u00ebsin\u00eb tuaj. Kjo politik\u00eb shpjegon se si mbledhim, p\u00ebrdorim dhe mbrojm\u00eb informacionin tuaj kur vizitoni faqen ton\u00eb t\u00eb internetit. 1. Informacioni q\u00eb Mbledhim Informacion personal q\u00eb jepni (emri, email, numri i telefonit). T\u00eb dh\u00ebna teknike (adresa IP, lloji i [&hellip;]<\/p>\n","protected":false},"author":1,"featured_media":0,"parent":0,"menu_order":0,"comment_status":"closed","ping_status":"closed","template":"","meta":{"footnotes":""},"class_list":["post-398","page","type-page","status-publish","hentry"],"yoast_head":"<!-- This site is optimized with the Yoast SEO plugin v27.5 - https:\/\/yoast.com\/product\/yoast-seo-wordpress\/ -->\n<title>Politika e Privat\u00ebsis\u00eb dhe Cookie - M Accounting<\/title>\n<meta name=\"robots\" content=\"index, follow, max-snippet:-1, max-image-preview:large, max-video-preview:-1\" \/>\n<link rel=\"canonical\" href=\"https:\/\/m-accounting.net\/sq\/politika-e-privatesise-dhe-cookie\/\" \/>\n<meta property=\"og:locale\" content=\"sq_AL\" \/>\n<meta property=\"og:type\" content=\"article\" \/>\n<meta property=\"og:title\" content=\"Politika e Privat\u00ebsis\u00eb dhe Cookie - M Accounting\" \/>\n<meta property=\"og:description\" content=\"Politika e Privat\u00ebsis\u00eb dhe Cookie M Accounting DOO M Accounting DOO (\u201cne,\u201d \u201cyn\u00eb\u201d ose \u201cna\u201d) respekton privat\u00ebsin\u00eb tuaj. Kjo politik\u00eb shpjegon se si mbledhim, p\u00ebrdorim dhe mbrojm\u00eb informacionin tuaj kur vizitoni faqen ton\u00eb t\u00eb internetit. 1. Informacioni q\u00eb Mbledhim Informacion personal q\u00eb jepni (emri, email, numri i telefonit). T\u00eb dh\u00ebna teknike (adresa IP, lloji i [&hellip;]\" \/>\n<meta property=\"og:url\" content=\"https:\/\/m-accounting.net\/sq\/politika-e-privatesise-dhe-cookie\/\" \/>\n<meta property=\"og:site_name\" content=\"M Accounting\" \/>\n<meta property=\"article:publisher\" content=\"https:\/\/www.facebook.com\/Maccounting.kontabilitet\" \/>\n<meta property=\"article:modified_time\" content=\"2025-09-12T09:55:56+00:00\" \/>\n<meta property=\"og:image\" content=\"https:\/\/m-accounting.net\/wp-content\/uploads\/2025\/09\/logo.jpg\" \/>\n\t<meta property=\"og:image:width\" content=\"1143\" \/>\n\t<meta property=\"og:image:height\" content=\"1185\" \/>\n\t<meta property=\"og:image:type\" content=\"image\/jpeg\" \/>\n<meta name=\"twitter:card\" content=\"summary_large_image\" \/>\n<meta name=\"twitter:label1\" content=\"Est. reading time\" \/>\n\t<meta name=\"twitter:data1\" content=\"1 minut\u00eb\" \/>\n<script type=\"application\/ld+json\" class=\"yoast-schema-graph\">{\"@context\":\"https:\\\/\\\/schema.org\",\"@graph\":[{\"@type\":\"WebPage\",\"@id\":\"https:\\\/\\\/m-accounting.net\\\/sq\\\/politika-e-privatesise-dhe-cookie\\\/\",\"url\":\"https:\\\/\\\/m-accounting.net\\\/sq\\\/politika-e-privatesise-dhe-cookie\\\/\",\"name\":\"Politika e Privat\u00ebsis\u00eb dhe Cookie - M Accounting\",\"isPartOf\":{\"@id\":\"https:\\\/\\\/m-accounting.net\\\/sq\\\/#website\"},\"datePublished\":\"2025-09-11T14:55:47+00:00\",\"dateModified\":\"2025-09-12T09:55:56+00:00\",\"breadcrumb\":{\"@id\":\"https:\\\/\\\/m-accounting.net\\\/sq\\\/politika-e-privatesise-dhe-cookie\\\/#breadcrumb\"},\"inLanguage\":\"sq\",\"potentialAction\":[{\"@type\":\"ReadAction\",\"target\":[\"https:\\\/\\\/m-accounting.net\\\/sq\\\/politika-e-privatesise-dhe-cookie\\\/\"]}]},{\"@type\":\"BreadcrumbList\",\"@id\":\"https:\\\/\\\/m-accounting.net\\\/sq\\\/politika-e-privatesise-dhe-cookie\\\/#breadcrumb\",\"itemListElement\":[{\"@type\":\"ListItem\",\"position\":1,\"name\":\"Home\",\"item\":\"https:\\\/\\\/m-accounting.net\\\/sq\\\/ballina\\\/\"},{\"@type\":\"ListItem\",\"position\":2,\"name\":\"Politika e Privat\u00ebsis\u00eb dhe Cookie\"}]},{\"@type\":\"WebSite\",\"@id\":\"https:\\\/\\\/m-accounting.net\\\/sq\\\/#website\",\"url\":\"https:\\\/\\\/m-accounting.net\\\/sq\\\/\",\"name\":\"M Accounting\",\"description\":\"Balancing your books, boosting your business.\",\"publisher\":{\"@id\":\"https:\\\/\\\/m-accounting.net\\\/sq\\\/#organization\"},\"alternateName\":\"M \u0410\u0441\u0441\u043e\u0443\u043d\u0442\u0438\u043d\u0433\",\"potentialAction\":[{\"@type\":\"SearchAction\",\"target\":{\"@type\":\"EntryPoint\",\"urlTemplate\":\"https:\\\/\\\/m-accounting.net\\\/sq\\\/?s={search_term_string}\"},\"query-input\":{\"@type\":\"PropertyValueSpecification\",\"valueRequired\":true,\"valueName\":\"search_term_string\"}}],\"inLanguage\":\"sq\"},{\"@type\":\"Organization\",\"@id\":\"https:\\\/\\\/m-accounting.net\\\/sq\\\/#organization\",\"name\":\"M Accounting\",\"alternateName\":\"M \u0410\u0441\u0441\u043e\u0443\u043d\u0442\u0438\u043d\u0433\",\"url\":\"https:\\\/\\\/m-accounting.net\\\/sq\\\/\",\"logo\":{\"@type\":\"ImageObject\",\"inLanguage\":\"sq\",\"@id\":\"https:\\\/\\\/m-accounting.net\\\/sq\\\/#\\\/schema\\\/logo\\\/image\\\/\",\"url\":\"https:\\\/\\\/m-accounting.net\\\/wp-content\\\/uploads\\\/2025\\\/09\\\/logo.jpg\",\"contentUrl\":\"https:\\\/\\\/m-accounting.net\\\/wp-content\\\/uploads\\\/2025\\\/09\\\/logo.jpg\",\"width\":1143,\"height\":1185,\"caption\":\"M Accounting\"},\"image\":{\"@id\":\"https:\\\/\\\/m-accounting.net\\\/sq\\\/#\\\/schema\\\/logo\\\/image\\\/\"},\"sameAs\":[\"https:\\\/\\\/www.facebook.com\\\/Maccounting.kontabilitet\"]}]}<\/script>\n<!-- \/ Yoast SEO plugin. -->","yoast_head_json":{"title":"Politika e Privat\u00ebsis\u00eb dhe Cookie - M Accounting","robots":{"index":"index","follow":"follow","max-snippet":"max-snippet:-1","max-image-preview":"max-image-preview:large","max-video-preview":"max-video-preview:-1"},"canonical":"https:\/\/m-accounting.net\/sq\/politika-e-privatesise-dhe-cookie\/","og_locale":"sq_AL","og_type":"article","og_title":"Politika e Privat\u00ebsis\u00eb dhe Cookie - M Accounting","og_description":"Politika e Privat\u00ebsis\u00eb dhe Cookie M Accounting DOO M Accounting DOO (\u201cne,\u201d \u201cyn\u00eb\u201d ose \u201cna\u201d) respekton privat\u00ebsin\u00eb tuaj. Kjo politik\u00eb shpjegon se si mbledhim, p\u00ebrdorim dhe mbrojm\u00eb informacionin tuaj kur vizitoni faqen ton\u00eb t\u00eb internetit. 1. Informacioni q\u00eb Mbledhim Informacion personal q\u00eb jepni (emri, email, numri i telefonit). T\u00eb dh\u00ebna teknike (adresa IP, lloji i [&hellip;]","og_url":"https:\/\/m-accounting.net\/sq\/politika-e-privatesise-dhe-cookie\/","og_site_name":"M Accounting","article_publisher":"https:\/\/www.facebook.com\/Maccounting.kontabilitet","article_modified_time":"2025-09-12T09:55:56+00:00","og_image":[{"width":1143,"height":1185,"url":"https:\/\/m-accounting.net\/wp-content\/uploads\/2025\/09\/logo.jpg","type":"image\/jpeg"}],"twitter_card":"summary_large_image","twitter_misc":{"Est. reading time":"1 minut\u00eb"},"schema":{"@context":"https:\/\/schema.org","@graph":[{"@type":"WebPage","@id":"https:\/\/m-accounting.net\/sq\/politika-e-privatesise-dhe-cookie\/","url":"https:\/\/m-accounting.net\/sq\/politika-e-privatesise-dhe-cookie\/","name":"Politika e Privat\u00ebsis\u00eb dhe Cookie - M Accounting","isPartOf":{"@id":"https:\/\/m-accounting.net\/sq\/#website"},"datePublished":"2025-09-11T14:55:47+00:00","dateModified":"2025-09-12T09:55:56+00:00","breadcrumb":{"@id":"https:\/\/m-accounting.net\/sq\/politika-e-privatesise-dhe-cookie\/#breadcrumb"},"inLanguage":"sq","potentialAction":[{"@type":"ReadAction","target":["https:\/\/m-accounting.net\/sq\/politika-e-privatesise-dhe-cookie\/"]}]},{"@type":"BreadcrumbList","@id":"https:\/\/m-accounting.net\/sq\/politika-e-privatesise-dhe-cookie\/#breadcrumb","itemListElement":[{"@type":"ListItem","position":1,"name":"Home","item":"https:\/\/m-accounting.net\/sq\/ballina\/"},{"@type":"ListItem","position":2,"name":"Politika e Privat\u00ebsis\u00eb dhe Cookie"}]},{"@type":"WebSite","@id":"https:\/\/m-accounting.net\/sq\/#website","url":"https:\/\/m-accounting.net\/sq\/","name":"M Accounting","description":"Balancing your books, boosting your business.","publisher":{"@id":"https:\/\/m-accounting.net\/sq\/#organization"},"alternateName":"M \u0410\u0441\u0441\u043e\u0443\u043d\u0442\u0438\u043d\u0433","potentialAction":[{"@type":"SearchAction","target":{"@type":"EntryPoint","urlTemplate":"https:\/\/m-accounting.net\/sq\/?s={search_term_string}"},"query-input":{"@type":"PropertyValueSpecification","valueRequired":true,"valueName":"search_term_string"}}],"inLanguage":"sq"},{"@type":"Organization","@id":"https:\/\/m-accounting.net\/sq\/#organization","name":"M Accounting","alternateName":"M \u0410\u0441\u0441\u043e\u0443\u043d\u0442\u0438\u043d\u0433","url":"https:\/\/m-accounting.net\/sq\/","logo":{"@type":"ImageObject","inLanguage":"sq","@id":"https:\/\/m-accounting.net\/sq\/#\/schema\/logo\/image\/","url":"https:\/\/m-accounting.net\/wp-content\/uploads\/2025\/09\/logo.jpg","contentUrl":"https:\/\/m-accounting.net\/wp-content\/uploads\/2025\/09\/logo.jpg","width":1143,"height":1185,"caption":"M Accounting"},"image":{"@id":"https:\/\/m-accounting.net\/sq\/#\/schema\/logo\/image\/"},"sameAs":["https:\/\/www.facebook.com\/Maccounting.kontabilitet"]}]}},"_links":{"self":[{"href":"https:\/\/m-accounting.net\/sq\/wp-json\/wp\/v2\/pages\/398","targetHints":{"allow":["GET"]}}],"collection":[{"href":"https:\/\/m-accounting.net\/sq\/wp-json\/wp\/v2\/pages"}],"about":[{"href":"https:\/\/m-accounting.net\/sq\/wp-json\/wp\/v2\/types\/page"}],"author":[{"embeddable":true,"href":"https:\/\/m-accounting.net\/sq\/wp-json\/wp\/v2\/users\/1"}],"replies":[{"embeddable":true,"href":"https:\/\/m-accounting.net\/sq\/wp-json\/wp\/v2\/comments?post=398"}],"version-history":[{"count":1,"href":"https:\/\/m-accounting.net\/sq\/wp-json\/wp\/v2\/pages\/398\/revisions"}],"predecessor-version":[{"id":399,"href":"https:\/\/m-accounting.net\/sq\/wp-json\/wp\/v2\/pages\/398\/revisions\/399"}],"wp:attachment":[{"href":"https:\/\/m-accounting.net\/sq\/wp-json\/wp\/v2\/media?parent=398"}],"curies":[{"name":"wp","href":"https:\/\/api.w.org\/{rel}","templated":true}]}}